{"id":806,"date":"2025-06-02T09:55:28","date_gmt":"2025-06-02T09:55:28","guid":{"rendered":"https:\/\/hoteldalibert.com\/?page_id=806"},"modified":"2025-06-02T09:55:29","modified_gmt":"2025-06-02T09:55:29","slug":"mentions-legales","status":"publish","type":"page","link":"https:\/\/hoteldalibert.com\/en\/mentions-legales\/","title":{"rendered":"Legal Notice"},"content":{"rendered":"\n<p><strong>\u00c9diteur du site<\/strong><br>Nom commercial : <strong>H\u00f4tel d&rsquo;Alibert<\/strong><br>Forme juridique : <strong>Entreprise individuelle<\/strong><br>SIRET : <strong>404 297 376 00018<\/strong><br>TVA intracommunautaire : <strong>FR66404297376<\/strong><br>Adresse : <strong>Place de la Mairie, 11160 Caunes-Minervois, France<\/strong><br>T\u00e9l\u00e9phone : <strong>04 68 78 00 54<\/strong><br>Email : <strong>[\u00e0 compl\u00e9ter si possible]<\/strong><br>Responsable de la publication : <strong>Fr\u00e9d\u00e9ric Guiraud<\/strong><\/p>\n\n\n\n<p><strong>H\u00e9bergement du site<\/strong><br>H\u00e9bergeur : <strong>Hostinger International Ltd.<\/strong><br>Adresse : <strong>61 Lordou Vironos Street, 6023 Larnaca, Chypre<\/strong><br>Site web : <a class=\"\" href=\"https:\/\/www.hostinger.com\/fr\">https:\/\/www.hostinger.com\/fr<\/a><\/p>\n\n\n\n<p><strong>Propri\u00e9t\u00e9 intellectuelle<\/strong><br>Tous les \u00e9l\u00e9ments pr\u00e9sents sur ce site (textes, images, logo, design\u2026) sont prot\u00e9g\u00e9s par le droit de la propri\u00e9t\u00e9 intellectuelle. Toute reproduction ou utilisation sans autorisation \u00e9crite est interdite.<\/p>\n\n\n\n<p><strong>Responsabilit\u00e9<\/strong><br>Le contenu du site est fourni \u00e0 titre informatif. Malgr\u00e9 notre vigilance, des erreurs peuvent s&rsquo;y glisser. L\u2019H\u00f4tel d&rsquo;Alibert ne saurait \u00eatre tenu responsable de l\u2019usage qui pourrait \u00eatre fait des informations diffus\u00e9es.<\/p>\n","protected":false},"excerpt":{"rendered":"<p>\u00c9diteur du siteNom commercial : H\u00f4tel d&rsquo;AlibertForme juridique : Entreprise individuelleSIRET : 404 297 376 00018TVA intracommunautaire : FR66404297376Adresse : [&hellip;]<\/p>\n","protected":false},"author":2,"featured_media":0,"parent":0,"menu_order":0,"comment_status":"closed","ping_status":"closed","template":"","meta":{"site-sidebar-layout":"default","site-content-layout":"","ast-site-content-layout":"default","site-content-style":"default","site-sidebar-style":"default","ast-global-header-display":"","ast-banner-title-visibility":"","ast-main-header-display":"","ast-hfb-above-header-display":"","ast-hfb-below-header-display":"","ast-hfb-mobile-header-display":"","site-post-title":"","ast-breadcrumbs-content":"","ast-featured-img":"","footer-sml-layout":"","ast-disable-related-posts":"","theme-transparent-header-meta":"","adv-header-id-meta":"","stick-header-meta":"","header-above-stick-meta":"","header-main-stick-meta":"","header-below-stick-meta":"","astra-migrate-meta-layouts":"default","ast-page-background-enabled":"default","ast-page-background-meta":{"desktop":{"background-color":"var(--ast-global-color-5)","background-image":"","background-repeat":"repeat","background-position":"center center","background-size":"auto","background-attachment":"scroll","background-type":"","background-media":"","overlay-type":"","overlay-color":"","overlay-opacity":"","overlay-gradient":""},"tablet":{"background-color":"","background-image":"","background-repeat":"repeat","background-position":"center center","background-size":"auto","background-attachment":"scroll","background-type":"","background-media":"","overlay-type":"","overlay-color":"","overlay-opacity":"","overlay-gradient":""},"mobile":{"background-color":"","background-image":"","background-repeat":"repeat","background-position":"center center","background-size":"auto","background-attachment":"scroll","background-type":"","background-media":"","overlay-type":"","overlay-color":"","overlay-opacity":"","overlay-gradient":""}},"ast-content-background-meta":{"desktop":{"background-color":"var(--ast-global-color-4)","background-image":"","background-repeat":"repeat","background-position":"center center","background-size":"auto","background-attachment":"scroll","background-type":"","background-media":"","overlay-type":"","overlay-color":"","overlay-opacity":"","overlay-gradient":""},"tablet":{"background-color":"var(--ast-global-color-4)","background-image":"","background-repeat":"repeat","background-position":"center center","background-size":"auto","background-attachment":"scroll","background-type":"","background-media":"","overlay-type":"","overlay-color":"","overlay-opacity":"","overlay-gradient":""},"mobile":{"background-color":"var(--ast-global-color-4)","background-image":"","background-repeat":"repeat","background-position":"center center","background-size":"auto","background-attachment":"scroll","background-type":"","background-media":"","overlay-type":"","overlay-color":"","overlay-opacity":"","overlay-gradient":""}},"footnotes":""},"class_list":["post-806","page","type-page","status-publish","hentry"],"_links":{"self":[{"href":"https:\/\/hoteldalibert.com\/en\/wp-json\/wp\/v2\/pages\/806","targetHints":{"allow":["GET"]}}],"collection":[{"href":"https:\/\/hoteldalibert.com\/en\/wp-json\/wp\/v2\/pages"}],"about":[{"href":"https:\/\/hoteldalibert.com\/en\/wp-json\/wp\/v2\/types\/page"}],"author":[{"embeddable":true,"href":"https:\/\/hoteldalibert.com\/en\/wp-json\/wp\/v2\/users\/2"}],"replies":[{"embeddable":true,"href":"https:\/\/hoteldalibert.com\/en\/wp-json\/wp\/v2\/comments?post=806"}],"version-history":[{"count":1,"href":"https:\/\/hoteldalibert.com\/en\/wp-json\/wp\/v2\/pages\/806\/revisions"}],"predecessor-version":[{"id":807,"href":"https:\/\/hoteldalibert.com\/en\/wp-json\/wp\/v2\/pages\/806\/revisions\/807"}],"wp:attachment":[{"href":"https:\/\/hoteldalibert.com\/en\/wp-json\/wp\/v2\/media?parent=806"}],"curies":[{"name":"wp","href":"https:\/\/api.w.org\/{rel}","templated":true}]}}