{"id":1636,"date":"2026-04-24T13:01:15","date_gmt":"2026-04-24T13:01:15","guid":{"rendered":"https:\/\/hoteldalibert.com\/?page_id=1636"},"modified":"2026-04-24T13:02:10","modified_gmt":"2026-04-24T13:02:10","slug":"services","status":"publish","type":"page","link":"https:\/\/hoteldalibert.com\/en\/services\/","title":{"rendered":"Services"},"content":{"rendered":"<div data-elementor-type=\"wp-page\" data-elementor-id=\"1636\" class=\"elementor elementor-1636\">\n\t\t\t\t<div class=\"elementor-element elementor-element-78423445 e-flex e-con-boxed e-con e-parent\" data-id=\"78423445\" data-element_type=\"container\" data-e-type=\"container\">\n\t\t\t\t\t<div class=\"e-con-inner\">\n\t\t\t\t<div class=\"elementor-element elementor-element-3f6ea23 elementor-widget elementor-widget-heading\" data-id=\"3f6ea23\" data-element_type=\"widget\" data-e-type=\"widget\" data-widget_type=\"heading.default\">\n\t\t\t\t<div class=\"elementor-widget-container\">\n\t\t\t\t\t<h1 class=\"elementor-heading-title elementor-size-default\">Un lieu \u00e0 vivre, du matin au soir<\/h1>\t\t\t\t<\/div>\n\t\t\t\t<\/div>\n\t\t\t\t<div class=\"elementor-element elementor-element-5a00096a elementor-widget elementor-widget-text-editor\" data-id=\"5a00096a\" data-element_type=\"widget\" data-e-type=\"widget\" data-widget_type=\"text-editor.default\">\n\t\t\t\t<div class=\"elementor-widget-container\">\n\t\t\t\t\t\t\t\t\t<p data-start=\"162\" data-end=\"317\">\u00c0 l\u2019H\u00f4tel d\u2019Alibert, on ne vient pas seulement dormir.<br data-start=\"216\" data-end=\"219\" \/>On vient ralentir, profiter, partager\u2026 et parfois tomber sur des moments qu\u2019on n\u2019avait pas pr\u00e9vus.<\/p><p data-start=\"319\" data-end=\"439\">Ici, rien n\u2019est compl\u00e8tement fig\u00e9.<br data-start=\"353\" data-end=\"356\" \/>Chaque instant d\u00e9pend du jour, de la lumi\u00e8re, de la saison\u2026 et de ceux qui sont l\u00e0.<\/p>\t\t\t\t\t\t\t\t<\/div>\n\t\t\t\t<\/div>\n\t\t\t\t\t<\/div>\n\t\t\t\t<\/div>\n\t\t<div class=\"elementor-element elementor-element-21e8a229 e-flex e-con-boxed e-con e-parent\" data-id=\"21e8a229\" data-element_type=\"container\" data-e-type=\"container\" data-settings=\"{&quot;background_background&quot;:&quot;classic&quot;}\">\n\t\t\t\t\t<div class=\"e-con-inner\">\n\t\t<div class=\"elementor-element elementor-element-66184aa0 e-con-full e-flex e-con e-child\" data-id=\"66184aa0\" data-element_type=\"container\" data-e-type=\"container\">\n\t\t\t\t<div class=\"elementor-element elementor-element-ca3f1f7 elementor-widget elementor-widget-heading\" data-id=\"ca3f1f7\" data-element_type=\"widget\" data-e-type=\"widget\" data-widget_type=\"heading.default\">\n\t\t\t\t<div class=\"elementor-widget-container\">\n\t\t\t\t\t<h2 class=\"elementor-heading-title elementor-size-default\">Le petit d\u00e9jeuner gourmand<\/h2>\t\t\t\t<\/div>\n\t\t\t\t<\/div>\n\t\t\t\t<div class=\"elementor-element elementor-element-4127eda elementor-widget elementor-widget-text-editor\" data-id=\"4127eda\" data-element_type=\"widget\" data-e-type=\"widget\" data-widget_type=\"text-editor.default\">\n\t\t\t\t<div class=\"elementor-widget-container\">\n\t\t\t\t\t\t\t\t\t<p data-start=\"531\" data-end=\"539\"><strong>8h \u2014 10h<\/strong><\/p>\t\t\t\t\t\t\t\t<\/div>\n\t\t\t\t<\/div>\n\t\t\t\t<div class=\"elementor-element elementor-element-a5508bb elementor-widget elementor-widget-text-editor\" data-id=\"a5508bb\" data-element_type=\"widget\" data-e-type=\"widget\" data-widget_type=\"text-editor.default\">\n\t\t\t\t<div class=\"elementor-widget-container\">\n\t\t\t\t\t\t\t\t\t<div class=\"elementor-element elementor-element-db274c9 elementor-widget elementor-widget-text-editor\" data-id=\"db274c9\" data-element_type=\"widget\" data-widget_type=\"text-editor.default\"><div class=\"elementor-widget-container\"><p>Le matin commence doucement, autour d\u2019un petit d\u00e9jeuner servi dans la cour ou \u00e0 l\u2019int\u00e9rieur, selon le temps et la saison.<\/p><ul><li><span style=\"font-style: inherit; font-weight: inherit; letter-spacing: 0px;\">Inclus pour toute r\u00e9servation en direct.<\/span><\/li><li>Ouvert aussi aux ext\u00e9rieurs, aux locaux, aux gens de passage\u2026<\/li><\/ul><p>\u00c0 savourer sur place ou \u00e0 offrir, pour prendre le temps d\u00e8s le matin, dans un lieu que l\u2019on d\u00e9couvre souvent par hasard\u2026 et que l\u2019on n\u2019oublie pas.<\/p><\/div><\/div>\t\t\t\t\t\t\t\t<\/div>\n\t\t\t\t<\/div>\n\t\t\t\t<\/div>\n\t\t<div class=\"elementor-element elementor-element-444a25c7 e-con-full e-flex e-con e-child\" data-id=\"444a25c7\" data-element_type=\"container\" data-e-type=\"container\">\n\t\t\t\t<div class=\"elementor-element elementor-element-1d8a98cf elementor-widget elementor-widget-image\" data-id=\"1d8a98cf\" data-element_type=\"widget\" data-e-type=\"widget\" data-widget_type=\"image.default\">\n\t\t\t\t<div class=\"elementor-widget-container\">\n\t\t\t\t\t\t\t\t\t\t\t\t\t\t\t<img fetchpriority=\"high\" decoding=\"async\" width=\"1440\" height=\"1080\" src=\"https:\/\/hoteldalibert.com\/wp-content\/uploads\/2026\/04\/pexels-karography-438592595-17338629-e1776878063593.jpg\" class=\"attachment-full size-full wp-image-1664\" alt=\"\" srcset=\"https:\/\/hoteldalibert.com\/wp-content\/uploads\/2026\/04\/pexels-karography-438592595-17338629-e1776878063593.jpg 1440w, https:\/\/hoteldalibert.com\/wp-content\/uploads\/2026\/04\/pexels-karography-438592595-17338629-e1776878063593-300x225.jpg 300w, https:\/\/hoteldalibert.com\/wp-content\/uploads\/2026\/04\/pexels-karography-438592595-17338629-e1776878063593-1024x768.jpg 1024w, https:\/\/hoteldalibert.com\/wp-content\/uploads\/2026\/04\/pexels-karography-438592595-17338629-e1776878063593-768x576.jpg 768w, https:\/\/hoteldalibert.com\/wp-content\/uploads\/2026\/04\/pexels-karography-438592595-17338629-e1776878063593-16x12.jpg 16w\" sizes=\"(max-width: 1440px) 100vw, 1440px\" \/>\t\t\t\t\t\t\t\t\t\t\t\t\t\t\t<\/div>\n\t\t\t\t<\/div>\n\t\t\t\t<\/div>\n\t\t\t\t\t<\/div>\n\t\t\t\t<\/div>\n\t\t<div class=\"elementor-element elementor-element-34d3279f e-flex e-con-boxed e-con e-parent\" data-id=\"34d3279f\" data-element_type=\"container\" data-e-type=\"container\">\n\t\t\t\t\t<div class=\"e-con-inner\">\n\t\t<div class=\"elementor-element elementor-element-26c7c36c e-con-full e-flex e-con e-child\" data-id=\"26c7c36c\" data-element_type=\"container\" data-e-type=\"container\">\n\t\t<div class=\"elementor-element elementor-element-103b8f92 e-con-full e-flex e-con e-child\" data-id=\"103b8f92\" data-element_type=\"container\" data-e-type=\"container\">\n\t\t\t\t<div class=\"elementor-element elementor-element-36509f5e elementor-widget elementor-widget-image\" data-id=\"36509f5e\" data-element_type=\"widget\" data-e-type=\"widget\" data-widget_type=\"image.default\">\n\t\t\t\t<div class=\"elementor-widget-container\">\n\t\t\t\t\t\t\t\t\t\t\t\t\t\t\t<img decoding=\"async\" width=\"1024\" height=\"1024\" src=\"https:\/\/hoteldalibert.com\/wp-content\/uploads\/2026\/04\/IMG_5150-1024x1024.jpeg\" class=\"attachment-large size-large wp-image-1689\" alt=\"\" srcset=\"https:\/\/hoteldalibert.com\/wp-content\/uploads\/2026\/04\/IMG_5150-1024x1024.jpeg 1024w, https:\/\/hoteldalibert.com\/wp-content\/uploads\/2026\/04\/IMG_5150-300x300.jpeg 300w, https:\/\/hoteldalibert.com\/wp-content\/uploads\/2026\/04\/IMG_5150-150x150.jpeg 150w, https:\/\/hoteldalibert.com\/wp-content\/uploads\/2026\/04\/IMG_5150-768x768.jpeg 768w, https:\/\/hoteldalibert.com\/wp-content\/uploads\/2026\/04\/IMG_5150-1536x1536.jpeg 1536w, https:\/\/hoteldalibert.com\/wp-content\/uploads\/2026\/04\/IMG_5150-12x12.jpeg 12w, https:\/\/hoteldalibert.com\/wp-content\/uploads\/2026\/04\/IMG_5150.jpeg 1920w\" sizes=\"(max-width: 1024px) 100vw, 1024px\" \/>\t\t\t\t\t\t\t\t\t\t\t\t\t\t\t<\/div>\n\t\t\t\t<\/div>\n\t\t\t\t<div class=\"elementor-element elementor-element-1a880cbb elementor-widget elementor-widget-image\" data-id=\"1a880cbb\" data-element_type=\"widget\" data-e-type=\"widget\" data-widget_type=\"image.default\">\n\t\t\t\t<div class=\"elementor-widget-container\">\n\t\t\t\t\t\t\t\t\t\t\t\t\t\t\t<img decoding=\"async\" width=\"1024\" height=\"1024\" src=\"https:\/\/hoteldalibert.com\/wp-content\/uploads\/2026\/04\/IMG_5545-1024x1024.jpg\" class=\"attachment-large size-large wp-image-1693\" alt=\"\" srcset=\"https:\/\/hoteldalibert.com\/wp-content\/uploads\/2026\/04\/IMG_5545-1024x1024.jpg 1024w, https:\/\/hoteldalibert.com\/wp-content\/uploads\/2026\/04\/IMG_5545-300x300.jpg 300w, https:\/\/hoteldalibert.com\/wp-content\/uploads\/2026\/04\/IMG_5545-150x150.jpg 150w, https:\/\/hoteldalibert.com\/wp-content\/uploads\/2026\/04\/IMG_5545-768x768.jpg 768w, https:\/\/hoteldalibert.com\/wp-content\/uploads\/2026\/04\/IMG_5545-12x12.jpg 12w, https:\/\/hoteldalibert.com\/wp-content\/uploads\/2026\/04\/IMG_5545.jpg 1170w\" sizes=\"(max-width: 1024px) 100vw, 1024px\" \/>\t\t\t\t\t\t\t\t\t\t\t\t\t\t\t<\/div>\n\t\t\t\t<\/div>\n\t\t\t\t<\/div>\n\t\t<div class=\"elementor-element elementor-element-16ebc1b5 e-con-full e-flex e-con e-child\" data-id=\"16ebc1b5\" data-element_type=\"container\" data-e-type=\"container\">\n\t\t\t\t<div class=\"elementor-element elementor-element-2c1e6028 elementor-widget elementor-widget-image\" data-id=\"2c1e6028\" data-element_type=\"widget\" data-e-type=\"widget\" data-widget_type=\"image.default\">\n\t\t\t\t<div class=\"elementor-widget-container\">\n\t\t\t\t\t\t\t\t\t\t\t\t\t\t\t<img loading=\"lazy\" decoding=\"async\" width=\"1024\" height=\"1024\" src=\"https:\/\/hoteldalibert.com\/wp-content\/uploads\/2026\/04\/IMG_5542-1024x1024.jpg\" class=\"attachment-large size-large wp-image-1690\" alt=\"\" srcset=\"https:\/\/hoteldalibert.com\/wp-content\/uploads\/2026\/04\/IMG_5542-1024x1024.jpg 1024w, https:\/\/hoteldalibert.com\/wp-content\/uploads\/2026\/04\/IMG_5542-300x300.jpg 300w, https:\/\/hoteldalibert.com\/wp-content\/uploads\/2026\/04\/IMG_5542-150x150.jpg 150w, https:\/\/hoteldalibert.com\/wp-content\/uploads\/2026\/04\/IMG_5542-768x768.jpg 768w, https:\/\/hoteldalibert.com\/wp-content\/uploads\/2026\/04\/IMG_5542-12x12.jpg 12w, https:\/\/hoteldalibert.com\/wp-content\/uploads\/2026\/04\/IMG_5542.jpg 1170w\" sizes=\"(max-width: 1024px) 100vw, 1024px\" \/>\t\t\t\t\t\t\t\t\t\t\t\t\t\t\t<\/div>\n\t\t\t\t<\/div>\n\t\t\t\t<div class=\"elementor-element elementor-element-ec74a9c elementor-widget elementor-widget-image\" data-id=\"ec74a9c\" data-element_type=\"widget\" data-e-type=\"widget\" data-widget_type=\"image.default\">\n\t\t\t\t<div class=\"elementor-widget-container\">\n\t\t\t\t\t\t\t\t\t\t\t\t\t\t\t<img loading=\"lazy\" decoding=\"async\" width=\"1024\" height=\"1024\" src=\"https:\/\/hoteldalibert.com\/wp-content\/uploads\/2026\/04\/IMG_5547-1024x1024.jpg\" class=\"attachment-large size-large wp-image-1694\" alt=\"\" srcset=\"https:\/\/hoteldalibert.com\/wp-content\/uploads\/2026\/04\/IMG_5547-1024x1024.jpg 1024w, https:\/\/hoteldalibert.com\/wp-content\/uploads\/2026\/04\/IMG_5547-300x300.jpg 300w, https:\/\/hoteldalibert.com\/wp-content\/uploads\/2026\/04\/IMG_5547-150x150.jpg 150w, https:\/\/hoteldalibert.com\/wp-content\/uploads\/2026\/04\/IMG_5547-768x768.jpg 768w, https:\/\/hoteldalibert.com\/wp-content\/uploads\/2026\/04\/IMG_5547-12x12.jpg 12w, https:\/\/hoteldalibert.com\/wp-content\/uploads\/2026\/04\/IMG_5547.jpg 1170w\" sizes=\"(max-width: 1024px) 100vw, 1024px\" \/>\t\t\t\t\t\t\t\t\t\t\t\t\t\t\t<\/div>\n\t\t\t\t<\/div>\n\t\t\t\t<\/div>\n\t\t\t\t<\/div>\n\t\t<div class=\"elementor-element elementor-element-3a47bf61 e-con-full e-flex e-con e-child\" data-id=\"3a47bf61\" data-element_type=\"container\" data-e-type=\"container\">\n\t\t\t\t<div class=\"elementor-element elementor-element-f3aff3a elementor-widget elementor-widget-heading\" data-id=\"f3aff3a\" data-element_type=\"widget\" data-e-type=\"widget\" data-widget_type=\"heading.default\">\n\t\t\t\t<div class=\"elementor-widget-container\">\n\t\t\t\t\t<h2 class=\"elementor-heading-title elementor-size-default\">Parfois, la cour ouvre ses portes<\/h2>\t\t\t\t<\/div>\n\t\t\t\t<\/div>\n\t\t\t\t<div class=\"elementor-element elementor-element-df9a400 elementor-widget elementor-widget-text-editor\" data-id=\"df9a400\" data-element_type=\"widget\" data-e-type=\"widget\" data-widget_type=\"text-editor.default\">\n\t\t\t\t<div class=\"elementor-widget-container\">\n\t\t\t\t\t\t\t\t\t<p data-start=\"531\" data-end=\"539\"><strong>17h \u2014 20h<\/strong><\/p>\t\t\t\t\t\t\t\t<\/div>\n\t\t\t\t<\/div>\n\t\t\t\t<div class=\"elementor-element elementor-element-1ce9ff3 elementor-widget elementor-widget-text-editor\" data-id=\"1ce9ff3\" data-element_type=\"widget\" data-e-type=\"widget\" data-widget_type=\"text-editor.default\">\n\t\t\t\t<div class=\"elementor-widget-container\">\n\t\t\t\t\t\t\t\t\t<div class=\"elementor-element elementor-element-db274c9 elementor-widget elementor-widget-text-editor\" data-id=\"db274c9\" data-element_type=\"widget\" data-widget_type=\"text-editor.default\"><div class=\"elementor-widget-container\"><p>Entre la balade du jour et le repas du soir,<br data-start=\"1102\" data-end=\"1105\" \/>l\u2019ap\u00e9ro s\u2019installe parfois\u2026 quand le moment s\u2019y pr\u00eate.<\/p><p>Un moment simple, spontan\u00e9, dans un cadre intimiste, aux multiples secrets.<\/p><p data-start=\"1161\" data-end=\"1236\">V\u00e9rifiez si on est ouvert :<\/p><ul><li data-start=\"1161\" data-end=\"1236\"><span style=\"font-style: inherit; font-weight: inherit; letter-spacing: 0px;\">Sur l&rsquo;ardoise devant l&rsquo;entr\u00e9e de l&rsquo;H\u00f4tel <\/span><\/li><li data-start=\"1161\" data-end=\"1236\"><span style=\"font-style: inherit; font-weight: inherit; letter-spacing: 0px;\">Ou sur notre compte <a href=\"https:\/\/www.instagram.com\/hotel.dalibert\/\">Instagram<\/a><\/span><\/li><\/ul><\/div><\/div>\t\t\t\t\t\t\t\t<\/div>\n\t\t\t\t<\/div>\n\t\t\t\t<\/div>\n\t\t\t\t\t<\/div>\n\t\t\t\t<\/div>\n\t\t<div class=\"elementor-element elementor-element-2f6dfca4 e-flex e-con-boxed e-con e-parent\" data-id=\"2f6dfca4\" data-element_type=\"container\" data-e-type=\"container\" id=\"next\">\n\t\t\t\t\t<div class=\"e-con-inner\">\n\t\t\t\t<div class=\"elementor-element elementor-element-ec7b3a6 elementor-widget elementor-widget-heading\" data-id=\"ec7b3a6\" data-element_type=\"widget\" data-e-type=\"widget\" data-widget_type=\"heading.default\">\n\t\t\t\t<div class=\"elementor-widget-container\">\n\t\t\t\t\t<h2 class=\"elementor-heading-title elementor-size-default\">Le restaurant reste ferm\u00e9, mais pas notre cuisine<\/h2>\t\t\t\t<\/div>\n\t\t\t\t<\/div>\n\t\t\t\t<div class=\"elementor-element elementor-element-66820cd elementor-widget elementor-widget-text-editor\" data-id=\"66820cd\" data-element_type=\"widget\" data-e-type=\"widget\" data-widget_type=\"text-editor.default\">\n\t\t\t\t<div class=\"elementor-widget-container\">\n\t\t\t\t\t\t\t\t\t<div class=\"elementor-element elementor-element-db274c9 elementor-widget elementor-widget-text-editor\" data-id=\"db274c9\" data-element_type=\"widget\" data-widget_type=\"text-editor.default\"><div class=\"elementor-widget-container\"><p data-start=\"1382\" data-end=\"1466\">Pour les groupes \u00e0 partir de 10 personnes, nous proposons des repas sur r\u00e9servation.<\/p><p data-start=\"1468\" data-end=\"1634\">Une cuisine faite maison, avec du c\u0153ur, de la gourmandise et de la g\u00e9n\u00e9rosit\u00e9.<br data-start=\"1546\" data-end=\"1549\" \/>Des produits d\u2019ici, des plats qui mijotent lentement, qui rassemblent, qui rassurent.<br \/><span style=\"font-style: inherit; font-weight: inherit; letter-spacing: 0px;\">Cassoulet, daube, blanquette\u2026 et d\u2019autres envies selon les saisons.<\/span><\/p><p data-start=\"1705\" data-end=\"1836\">Pour c\u00e9l\u00e9brer une occasion, marquer un moment sp\u00e9cial ou simplement se retrouver.<br data-start=\"1786\" data-end=\"1789\" \/>Les repas se pr\u00e9parent \u00e0 l\u2019avance, sur demande.<\/p><\/div><\/div>\t\t\t\t\t\t\t\t<\/div>\n\t\t\t\t<\/div>\n\t\t\t\t\t<\/div>\n\t\t\t\t<\/div>\n\t\t\t\t<\/div>","protected":false},"excerpt":{"rendered":"<p>Un lieu \u00e0 vivre, du matin au soir \u00c0 l\u2019H\u00f4tel d\u2019Alibert, on ne vient pas seulement dormir.On vient ralentir, profiter, [&hellip;]<\/p>\n","protected":false},"author":1,"featured_media":0,"parent":0,"menu_order":0,"comment_status":"closed","ping_status":"closed","template":"","meta":{"site-sidebar-layout":"no-sidebar","site-content-layout":"","ast-site-content-layout":"full-width-container","site-content-style":"default","site-sidebar-style":"default","ast-global-header-display":"","ast-banner-title-visibility":"","ast-main-header-display":"","ast-hfb-above-header-display":"","ast-hfb-below-header-display":"","ast-hfb-mobile-header-display":"","site-post-title":"","ast-breadcrumbs-content":"","ast-featured-img":"disabled","footer-sml-layout":"","ast-disable-related-posts":"","theme-transparent-header-meta":"","adv-header-id-meta":"","stick-header-meta":"","header-above-stick-meta":"","header-main-stick-meta":"","header-below-stick-meta":"","astra-migrate-meta-layouts":"default","ast-page-background-enabled":"default","ast-page-background-meta":{"desktop":{"background-color":"var(--ast-global-color-5)","background-image":"","background-repeat":"repeat","background-position":"center center","background-size":"auto","background-attachment":"scroll","background-type":"","background-media":"","overlay-type":"","overlay-color":"","overlay-opacity":"","overlay-gradient":""},"tablet":{"background-color":"","background-image":"","background-repeat":"repeat","background-position":"center center","background-size":"auto","background-attachment":"scroll","background-type":"","background-media":"","overlay-type":"","overlay-color":"","overlay-opacity":"","overlay-gradient":""},"mobile":{"background-color":"","background-image":"","background-repeat":"repeat","background-position":"center center","background-size":"auto","background-attachment":"scroll","background-type":"","background-media":"","overlay-type":"","overlay-color":"","overlay-opacity":"","overlay-gradient":""}},"ast-content-background-meta":{"desktop":{"background-color":"var(--ast-global-color-4)","background-image":"","background-repeat":"repeat","background-position":"center center","background-size":"auto","background-attachment":"scroll","background-type":"","background-media":"","overlay-type":"","overlay-color":"","overlay-opacity":"","overlay-gradient":""},"tablet":{"background-color":"var(--ast-global-color-4)","background-image":"","background-repeat":"repeat","background-position":"center center","background-size":"auto","background-attachment":"scroll","background-type":"","background-media":"","overlay-type":"","overlay-color":"","overlay-opacity":"","overlay-gradient":""},"mobile":{"background-color":"var(--ast-global-color-4)","background-image":"","background-repeat":"repeat","background-position":"center center","background-size":"auto","background-attachment":"scroll","background-type":"","background-media":"","overlay-type":"","overlay-color":"","overlay-opacity":"","overlay-gradient":""}},"footnotes":""},"class_list":["post-1636","page","type-page","status-publish","hentry"],"_links":{"self":[{"href":"https:\/\/hoteldalibert.com\/en\/wp-json\/wp\/v2\/pages\/1636","targetHints":{"allow":["GET"]}}],"collection":[{"href":"https:\/\/hoteldalibert.com\/en\/wp-json\/wp\/v2\/pages"}],"about":[{"href":"https:\/\/hoteldalibert.com\/en\/wp-json\/wp\/v2\/types\/page"}],"author":[{"embeddable":true,"href":"https:\/\/hoteldalibert.com\/en\/wp-json\/wp\/v2\/users\/1"}],"replies":[{"embeddable":true,"href":"https:\/\/hoteldalibert.com\/en\/wp-json\/wp\/v2\/comments?post=1636"}],"version-history":[{"count":61,"href":"https:\/\/hoteldalibert.com\/en\/wp-json\/wp\/v2\/pages\/1636\/revisions"}],"predecessor-version":[{"id":1710,"href":"https:\/\/hoteldalibert.com\/en\/wp-json\/wp\/v2\/pages\/1636\/revisions\/1710"}],"wp:attachment":[{"href":"https:\/\/hoteldalibert.com\/en\/wp-json\/wp\/v2\/media?parent=1636"}],"curies":[{"name":"wp","href":"https:\/\/api.w.org\/{rel}","templated":true}]}}